{"id":3149,"date":"2021-11-04T15:44:40","date_gmt":"2021-11-04T15:44:40","guid":{"rendered":"https:\/\/ergolift.com\/adatvedelmi-szabalyzat\/"},"modified":"2024-12-12T14:58:52","modified_gmt":"2024-12-12T14:58:52","slug":"adatvedelmi-szabalyzat","status":"publish","type":"page","link":"https:\/\/ergolift.com\/hu\/adatvedelmi-szabalyzat\/","title":{"rendered":"Adatv\u00e9delmi szab\u00e1lyzat"},"content":{"rendered":"<style>#kt-layout-id_ae1837-0b > .kt-row-column-wrap{align-content:start;}:where(#kt-layout-id_ae1837-0b > .kt-row-column-wrap) > .wp-block-kadence-column{justify-content:start;}#kt-layout-id_ae1837-0b > .kt-row-column-wrap{column-gap:var(--global-kb-gap-md, 2rem);row-gap:var(--global-kb-gap-md, 2rem);padding-top:var( --global-kb-row-default-top, 25px );padding-bottom:var( --global-kb-row-default-bottom, 25px );padding-top:3%;padding-bottom:5%;padding-left:7%;padding-right:7%;grid-template-columns:minmax(0, 1fr);}#kt-layout-id_ae1837-0b > .kt-row-layout-overlay{opacity:0.30;}@media all and (max-width: 1024px){#kt-layout-id_ae1837-0b > .kt-row-column-wrap{grid-template-columns:minmax(0, 1fr);}}@media all and (max-width: 767px){#kt-layout-id_ae1837-0b > .kt-row-column-wrap{grid-template-columns:minmax(0, 1fr);}}<\/style>\n<div class=\"wp-block-kadence-rowlayout alignwide\"><div id=\"kt-layout-id_ae1837-0b\" class=\"kt-row-layout-inner kt-layout-id_ae1837-0b\"><div class=\"kt-row-column-wrap kt-has-1-columns kt-gutter-default kt-v-gutter-default kt-row-valign-top kt-row-layout-equal kt-tab-layout-inherit kt-m-colapse-left-to-right kt-mobile-layout-row\"><style>.kadence-column_f18816-8b > .kt-inside-inner-col{border-top-width:0px;border-right-width:0px;border-bottom-width:0px;border-left-width:0px;}.kadence-column_f18816-8b > .kt-inside-inner-col,.kadence-column_f18816-8b > .kt-inside-inner-col:before{border-top-left-radius:0px;border-top-right-radius:0px;border-bottom-right-radius:0px;border-bottom-left-radius:0px;}.kadence-column_f18816-8b > .kt-inside-inner-col{column-gap:var(--global-kb-gap-sm, 1rem);}.kadence-column_f18816-8b > .kt-inside-inner-col{flex-direction:column;}.kadence-column_f18816-8b > .kt-inside-inner-col > .aligncenter{width:100%;}.kadence-column_f18816-8b > .kt-inside-inner-col:before{opacity:0.3;}.kadence-column_f18816-8b{position:relative;}@media all and (max-width: 1024px){.kadence-column_f18816-8b > .kt-inside-inner-col{flex-direction:column;justify-content:center;}}@media all and (max-width: 767px){.kadence-column_f18816-8b > .kt-inside-inner-col{flex-direction:column;justify-content:center;}}<\/style>\n<div class=\"wp-block-kadence-column inner-column-1 kadence-column_f18816-8b\"><div class=\"kt-inside-inner-col\">\n<div class=\"wp-block-getwid-advanced-heading has-custom-font-size\" style=\"font-size:55px\"><span class=\"wp-block-getwid-advanced-heading__content\"><strong>Adatv\u00e9delmi szab\u00e1lyzat<\/strong><\/span><\/div>\n\n\n\n<p>A szem\u00e9lyes adatok feldolgoz\u00e1s\u00e1\u00e9rt felel\u0151s: Anders Byttner, <a href=\"mailto:anders@ergolift.com\">anders@ergolift.com<\/a><\/p>\n\n\n\n<p>A szem\u00e9lyes adatok kezel\u0151je: recepci\u00f3s, <a href=\"mailto:info@ergolift.com\">info@ergolift.com<\/a><\/p>\n\n\n\n<figure class=\"wp-block-table\"><table><tbody><tr><td><strong>Az adatok felhaszn\u00e1l\u00e1sa<\/strong><\/td><td><strong>Szem\u00e9lyi kateg\u00f3ri\u00e1k<\/strong><\/td><td><strong>Az elt\u00e1vol\u00edt\u00e1s hat\u00e1rideje<\/strong><\/td><td><strong>Hol t\u00e1rolj\u00e1k az adatokat<\/strong><\/td><td><strong>Biztons\u00e1gi int\u00e9zked\u00e9sek<\/strong><\/td><\/tr><tr><td><strong>B\u00e9rsz\u00e1mfejt\u0151 rendszer (Hogia)<\/strong><\/td><td>Alkalmazottak<\/td><td>A m\u00e1r nem foglalkoztatott szem\u00e9lyeket \u00e9vente t\u00f6rlik a rendszerb\u0151l. A fizet\u00e9si jegyz\u00e9kek pap\u00edralap\u00fa p\u00e9ld\u00e1nyait 7 \u00e9vig \u0151rzik meg. <\/td><td>A b\u00e9rsz\u00e1mfejt\u00e9si rendszer a Hogia Mid Office AB-n\u00e9l fut, mint hosztolt megold\u00e1s. A pap\u00edralap\u00fa p\u00e9ld\u00e1nyokat iratgy\u0171jt\u0151kben t\u00e1rolj\u00e1k. <\/td><td>A jelsz\u00f3val v\u00e9dett b\u00e9rsz\u00e1mfejt\u0151 rendszerhez csak az arra felhatalmazott alkalmazottak f\u00e9rhetnek hozz\u00e1. A Hogia-val adatfeldolgoz\u00e1si meg\u00e1llapod\u00e1sokat \u00edrnak al\u00e1. A pap\u00edralap\u00fa m\u00e1solatokat elz\u00e1rva tartj\u00e1k.  <\/td><\/tr><tr><td><strong>\u00dcgyf\u00e9l-nyilv\u00e1ntart\u00e1s (piramis)<\/strong> <strong>Csak a szerz\u0151d\u00e9sek teljes\u00edt\u00e9s\u00e9hez sz\u00fcks\u00e9ges adatokat \u0151rizz\u00fck meg.<\/strong><\/td><td>  \u00dcgyfelek kapcsolattart\u00f3i (jogi szem\u00e9lyek) Term\u00e9szetes szem\u00e9ly \u00fcgyfelek<\/td><td>Az \u00fcgyf\u00e9lnyilv\u00e1ntart\u00e1st \u00e9vente t\u00f6rlik, ha az \u00fcgyf\u00e9l k\u00e9t \u00e9ve nem kereskedett. A kapcsolattart\u00f3k t\u00f6rl\u00e9sre ker\u00fclnek az \u00fcgyf\u00e9lnyilv\u00e1ntart\u00e1sb\u00f3l A term\u00e9szetes szem\u00e9lynek min\u0151s\u00fcl\u0151 \u00fcgyfeleket nem azonos\u00edtj\u00e1k. Minden sz\u00e1mviteli dokumentumot 7 \u00e9vig t\u00e1rolnak.  <\/td><td>A Pyramid a Netropolisn\u00e1l hosztolt megold\u00e1sk\u00e9nt fut. A sz\u00e1ml\u00e1k pap\u00edralap\u00fa p\u00e9ld\u00e1nyait k\u00f6tegel\u0151ben t\u00e1rolj\u00e1k. <\/td><td>Bejelentkez\u00e9s sz\u00fcks\u00e9ges a Piramisba val\u00f3 bel\u00e9p\u00e9shez. Adatfeldolgoz\u00e1si meg\u00e1llapod\u00e1s van \u00e9rv\u00e9nyben a Netropolisszal. A Netropolis felel a Pyramid k\u00f6r\u00fcli adatbiztons\u00e1g\u00e9rt.  <\/td><\/tr><tr><td><strong>Besz\u00e1ll\u00edt\u00f3i nyilv\u00e1ntart\u00e1s (Piramis)<\/strong> <strong>Csak a megrendel\u00e9sek teljes\u00edt\u00e9s\u00e9hez sz\u00fcks\u00e9ges adatokat t\u00e1roljuk<\/strong><\/td><td>  Besz\u00e1ll\u00edt\u00f3k kapcsolattart\u00f3i (jogi szem\u00e9lyek) Term\u00e9szetes szem\u00e9lynek min\u0151s\u00fcl\u0151 sz\u00e1ll\u00edt\u00f3k<\/td><td>A besz\u00e1ll\u00edt\u00f3i nyilv\u00e1ntart\u00e1s \u00e9vente t\u00f6rl\u00e9sre ker\u00fcl, ha k\u00e9t \u00e9ve nem kereskedt\u00fcnk. A kapcsolattart\u00f3k t\u00f6rl\u00e9sre ker\u00fclnek a besz\u00e1ll\u00edt\u00f3i nyilv\u00e1ntart\u00e1sb\u00f3l A term\u00e9szetes szem\u00e9lynek min\u0151s\u00fcl\u0151 besz\u00e1ll\u00edt\u00f3kat nem azonos\u00edtjuk. Minden sz\u00e1mviteli nyilv\u00e1ntart\u00e1st 7 \u00e9vig \u0151riznek meg.  <\/td><td>A Pyramid a Netropolisn\u00e1l hosztolt megold\u00e1sk\u00e9nt fut. A sz\u00e1ml\u00e1k pap\u00edralap\u00fa p\u00e9ld\u00e1nyait k\u00f6tegel\u0151ben t\u00e1rolj\u00e1k. <\/td><td>Bejelentkez\u00e9s sz\u00fcks\u00e9ges a Piramisba val\u00f3 bel\u00e9p\u00e9shez. Adatfeldolgoz\u00e1si meg\u00e1llapod\u00e1s van \u00e9rv\u00e9nyben a Netropolisszal. A Netropolis felel a Pyramid k\u00f6r\u00fcli adatbiztons\u00e1g\u00e9rt.  <\/td><\/tr><tr><td><strong>A munkav\u00e1llal\u00f3k hozz\u00e1tartoz\u00f3i balesetek \u00e9s hasonl\u00f3 esem\u00e9nyek eset\u00e9n<\/strong><\/td><td>A munkav\u00e1llal\u00f3k hozz\u00e1tartoz\u00f3i<\/td><td>A munkaviszony megsz\u0171n\u00e9se<\/td><td>K\u00f6nyvk\u00f6t\u0151 a recepci\u00f3n<\/td><td>Nincsenek biztons\u00e1gi int\u00e9zked\u00e9sek, az inform\u00e1ci\u00f3knak v\u00e1ls\u00e1g eset\u00e9n rendelkez\u00e9sre kell \u00e1llniuk.<\/td><\/tr><tr><td><strong>Foglalkoz\u00e1s-eg\u00e9szs\u00e9g\u00fcgyi feladatok<\/strong><\/td><td>Alkalmazottak<\/td><td>A munkaviszony megsz\u0171n\u00e9se vagy a szerz\u0151d\u00e9s felmond\u00e1sa<\/td><td>Az Avonova bels\u0151 rendszer\u00e9ben. Csak az Avonova munkat\u00e1rsai f\u00e9rhetnek hozz\u00e1 az inform\u00e1ci\u00f3khoz <\/td><td>Az Avonov\u00e1val adatfeldolgoz\u00e1si meg\u00e1llapod\u00e1s \u00e1ll fenn. Az adatbiztons\u00e1g\u00e9rt az Avonova felel. <\/td><\/tr><tr><td><strong>El\u00e9rhet\u0151s\u00e9gek a honlapon<\/strong><\/td><td>N\u00e9h\u00e1ny alkalmazott<\/td><td>Nincsenek megnevezett szem\u00e9lyek el\u00e9rhet\u0151s\u00e9gei a weboldalainkon<\/td><\/tr><\/tbody><\/table><\/figure>\n<\/div><\/div>\n<\/div><\/div><\/div>\n","protected":false},"excerpt":{"rendered":"<p>A szem\u00e9lyes adatok feldolgoz\u00e1s\u00e1\u00e9rt felel\u0151s: Anders Byttner, anders@ergolift.com A szem\u00e9lyes adatok kezel\u0151je: recepci\u00f3s, info@ergolift.com Az adatok felhaszn\u00e1l\u00e1sa Szem\u00e9lyi kateg\u00f3ri\u00e1k Az elt\u00e1vol\u00edt\u00e1s hat\u00e1rideje Hol t\u00e1rolj\u00e1k az adatokat Biztons\u00e1gi int\u00e9zked\u00e9sek B\u00e9rsz\u00e1mfejt\u0151 rendszer (Hogia) Alkalmazottak A m\u00e1r nem foglalkoztatott szem\u00e9lyeket \u00e9vente t\u00f6rlik a rendszerb\u0151l. A fizet\u00e9si jegyz\u00e9kek pap\u00edralap\u00fa p\u00e9ld\u00e1nyait 7 \u00e9vig \u0151rzik meg. A b\u00e9rsz\u00e1mfejt\u00e9si rendszer a Hogia&#8230;<\/p>\n","protected":false},"author":1,"featured_media":0,"parent":0,"menu_order":0,"comment_status":"closed","ping_status":"closed","template":"","meta":{"_kad_post_transparent":"","_kad_post_title":"","_kad_post_layout":"","_kad_post_sidebar_id":"","_kad_post_content_style":"","_kad_post_vertical_padding":"","_kad_post_feature":"","_kad_post_feature_position":"","_kad_post_header":false,"_kad_post_footer":false,"_kad_post_classname":"","footnotes":""},"class_list":["post-3149","page","type-page","status-publish","hentry"],"_links":{"self":[{"href":"https:\/\/ergolift.com\/hu\/wp-json\/wp\/v2\/pages\/3149","targetHints":{"allow":["GET"]}}],"collection":[{"href":"https:\/\/ergolift.com\/hu\/wp-json\/wp\/v2\/pages"}],"about":[{"href":"https:\/\/ergolift.com\/hu\/wp-json\/wp\/v2\/types\/page"}],"author":[{"embeddable":true,"href":"https:\/\/ergolift.com\/hu\/wp-json\/wp\/v2\/users\/1"}],"replies":[{"embeddable":true,"href":"https:\/\/ergolift.com\/hu\/wp-json\/wp\/v2\/comments?post=3149"}],"version-history":[{"count":0,"href":"https:\/\/ergolift.com\/hu\/wp-json\/wp\/v2\/pages\/3149\/revisions"}],"wp:attachment":[{"href":"https:\/\/ergolift.com\/hu\/wp-json\/wp\/v2\/media?parent=3149"}],"curies":[{"name":"wp","href":"https:\/\/api.w.org\/{rel}","templated":true}]}}