{"id":3143,"date":"2021-11-04T15:14:46","date_gmt":"2021-11-04T15:14:46","guid":{"rendered":"https:\/\/ergolift.com\/minosegpolitika\/"},"modified":"2025-04-02T12:32:07","modified_gmt":"2025-04-02T12:32:07","slug":"minosegpolitika","status":"publish","type":"page","link":"https:\/\/ergolift.com\/hu\/minosegpolitika\/","title":{"rendered":"Min\u0151s\u00e9gpolitika"},"content":{"rendered":"<style>.kb-row-layout-id3143_a05776-b7 > .kt-row-column-wrap{align-content:start;}:where(.kb-row-layout-id3143_a05776-b7 > .kt-row-column-wrap) > .wp-block-kadence-column{justify-content:start;}.kb-row-layout-id3143_a05776-b7 > .kt-row-column-wrap{column-gap:var(--global-kb-gap-md, 2rem);row-gap:var(--global-kb-gap-md, 2rem);padding-top:3%;padding-right:8%;padding-bottom:8%;padding-left:8%;grid-template-columns:minmax(0, 1fr);}.kb-row-layout-id3143_a05776-b7 > .kt-row-layout-overlay{opacity:0.30;}@media all and (max-width: 1024px){.kb-row-layout-id3143_a05776-b7 > .kt-row-column-wrap{grid-template-columns:minmax(0, 1fr);}}@media all and (max-width: 767px){.kb-row-layout-id3143_a05776-b7 > .kt-row-column-wrap{grid-template-columns:minmax(0, 1fr);}}<\/style><div class=\"kb-row-layout-wrap kb-row-layout-id3143_a05776-b7 alignnone wp-block-kadence-rowlayout\"><div class=\"kt-row-column-wrap kt-has-1-columns kt-row-layout-equal kt-tab-layout-inherit kt-mobile-layout-row kt-row-valign-top\">\n<style>.kadence-column3143_21829d-1d > .kt-inside-inner-col,.kadence-column3143_21829d-1d > .kt-inside-inner-col:before{border-top-left-radius:0px;border-top-right-radius:0px;border-bottom-right-radius:0px;border-bottom-left-radius:0px;}.kadence-column3143_21829d-1d > .kt-inside-inner-col{column-gap:var(--global-kb-gap-sm, 1rem);}.kadence-column3143_21829d-1d > .kt-inside-inner-col{flex-direction:column;}.kadence-column3143_21829d-1d > .kt-inside-inner-col > .aligncenter{width:100%;}.kadence-column3143_21829d-1d > .kt-inside-inner-col:before{opacity:0.3;}.kadence-column3143_21829d-1d{position:relative;}@media all and (max-width: 1024px){.kadence-column3143_21829d-1d > .kt-inside-inner-col{flex-direction:column;justify-content:center;}}@media all and (max-width: 767px){.kadence-column3143_21829d-1d > .kt-inside-inner-col{flex-direction:column;justify-content:center;}}<\/style>\n<div class=\"wp-block-kadence-column kadence-column3143_21829d-1d inner-column-1\"><div class=\"kt-inside-inner-col\">\n<div class=\"wp-block-getwid-advanced-heading has-custom-font-size\" style=\"font-size:55px\"><span class=\"wp-block-getwid-advanced-heading__content\"><strong>Min\u0151s\u00e9gpolitika<\/strong><\/span><\/div>\n\n\n\n<p>M\u00e9rn\u00f6ki v\u00e1llalatunk komplett g\u00e9peket, speci\u00e1lis szersz\u00e1mokat, szivatty\u00fakat \u00e9s szerz\u0151d\u00e9ses szolg\u00e1ltat\u00e1sokat fejleszt, forgalmaz \u00e9s gy\u00e1rt. Term\u00e9keinkhez kapcsol\u00f3d\u00f3an karbantart\u00e1si \u00e9s k\u00e9pz\u00e9si szolg\u00e1ltat\u00e1sokat is ny\u00fajtunk. <\/p>\n\n\n\n<p>Azt szeretn\u00e9nk, ha \u00fcgyfeleink el\u00e9gedettek lenn\u00e9nek, \u00e9s meg\u00fajult bizalommal t\u00e9rn\u00e9nek vissza. Teljes\u00edteni fogjuk a vonatkoz\u00f3 k\u00f6vetelm\u00e9nyeket, bele\u00e9rtve az alkalmazand\u00f3 t\u00f6rv\u00e9nyeket \u00e9s rendeleteket. <\/p>\n\n\n\n<p>Ez a j\u00f3 j\u00f6vedelmez\u0151s\u00e9g, fejl\u0151d\u00e9s\u00fcnk \u00e9s hossz\u00fa t\u00e1v\u00fa fennmarad\u00e1sunk el\u0151felt\u00e9tele, amelyet a munk\u00e1nk sor\u00e1n tan\u00fas\u00edtott elk\u00f6telezetts\u00e9g, az er\u0151forr\u00e1saink \u00e9s a min\u0151s\u00e9ghez val\u00f3 hozz\u00e1\u00e1ll\u00e1sunk hat\u00e1roz meg.<\/p>\n\n\n\n<p>Az SS-EN-ISO 9001:2015 szabv\u00e1ny szerinti min\u0151s\u00e9gbiztos\u00edt\u00e1s az eszk\u00f6z\u00fcnk a term\u00e9keink \u00e9s szolg\u00e1ltat\u00e1saink min\u0151s\u00e9g\u00e9nek, az \u00edg\u00e9rt sz\u00e1ll\u00edt\u00e1si hat\u00e1rid\u0151knek \u00e9s egy\u00e9b k\u00f6vetelm\u00e9nyeknek a biztos\u00edt\u00e1s\u00e1ra.<\/p>\n\n\n\n<p>Folyamatosan jav\u00edtani fogjuk mind a min\u0151s\u00e9get, mind a min\u0151s\u00e9gir\u00e1ny\u00edt\u00e1si rendszert.<\/p>\n\n\n\n<p>A Ergolift AB azt szeretn\u00e9, ha \u00d6n, mint \u00fcgyf\u00e9l \u00fagy l\u00e1tn\u00e1, hogy a v\u00e1llalat kompetens \u00e9s hajland\u00f3 ki\u00e1llni \u00d6n\u00e9rt.<\/p>\n\n\n\n<p>Anders Byttner \u00far<\/p>\n\n\n\n<p>Az Ergolift AB vez\u00e9rigazgat\u00f3ja<\/p>\n\n\n\n<p><\/p>\n\n\n<style>.wp-block-kadence-advancedheading.kt-adv-heading3143_50a01e-38, .wp-block-kadence-advancedheading.kt-adv-heading3143_50a01e-38[data-kb-block=\"kb-adv-heading3143_50a01e-38\"]{text-align:center;font-style:normal;}.wp-block-kadence-advancedheading.kt-adv-heading3143_50a01e-38 mark.kt-highlight, .wp-block-kadence-advancedheading.kt-adv-heading3143_50a01e-38[data-kb-block=\"kb-adv-heading3143_50a01e-38\"] mark.kt-highlight{font-style:normal;color:#f76a0c;-webkit-box-decoration-break:clone;box-decoration-break:clone;padding-top:0px;padding-right:0px;padding-bottom:0px;padding-left:0px;}.wp-block-kadence-advancedheading.kt-adv-heading3143_50a01e-38 img.kb-inline-image, .wp-block-kadence-advancedheading.kt-adv-heading3143_50a01e-38[data-kb-block=\"kb-adv-heading3143_50a01e-38\"] img.kb-inline-image{width:150px;vertical-align:baseline;}<\/style>\n<h3 class=\"kt-adv-heading3143_50a01e-38 wp-block-kadence-advancedheading\" data-kb-block=\"kb-adv-heading3143_50a01e-38\"><a href=\"https:\/\/ergolift.com\/wp-content\/uploads\/2025\/03\/Ergolift-AB-ISO-9001.pdf\"><strong>ERGOLIFT AB Min\u0151s\u00e9gi tan\u00fas\u00edtv\u00e1ny SS-EN-ISO 9001:2015<\/strong><\/a><\/h3>\n<\/div><\/div>\n\n<\/div><\/div>","protected":false},"excerpt":{"rendered":"<p>M\u00e9rn\u00f6ki v\u00e1llalatunk komplett g\u00e9peket, speci\u00e1lis szersz\u00e1mokat, szivatty\u00fakat \u00e9s szerz\u0151d\u00e9ses szolg\u00e1ltat\u00e1sokat fejleszt, forgalmaz \u00e9s gy\u00e1rt. Term\u00e9keinkhez kapcsol\u00f3d\u00f3an karbantart\u00e1si \u00e9s k\u00e9pz\u00e9si szolg\u00e1ltat\u00e1sokat is ny\u00fajtunk. Azt szeretn\u00e9nk, ha \u00fcgyfeleink el\u00e9gedettek lenn\u00e9nek, \u00e9s meg\u00fajult bizalommal t\u00e9rn\u00e9nek vissza. Teljes\u00edteni fogjuk a vonatkoz\u00f3 k\u00f6vetelm\u00e9nyeket, bele\u00e9rtve az alkalmazand\u00f3 t\u00f6rv\u00e9nyeket \u00e9s rendeleteket. Ez a j\u00f3 j\u00f6vedelmez\u0151s\u00e9g, fejl\u0151d\u00e9s\u00fcnk \u00e9s hossz\u00fa t\u00e1v\u00fa fennmarad\u00e1sunk el\u0151felt\u00e9tele, amelyet&#8230;<\/p>\n","protected":false},"author":1,"featured_media":0,"parent":0,"menu_order":0,"comment_status":"closed","ping_status":"closed","template":"","meta":{"_kad_post_transparent":"","_kad_post_title":"","_kad_post_layout":"","_kad_post_sidebar_id":"","_kad_post_content_style":"","_kad_post_vertical_padding":"","_kad_post_feature":"","_kad_post_feature_position":"","_kad_post_header":false,"_kad_post_footer":false,"_kad_post_classname":"","footnotes":""},"class_list":["post-3143","page","type-page","status-publish","hentry"],"_links":{"self":[{"href":"https:\/\/ergolift.com\/hu\/wp-json\/wp\/v2\/pages\/3143","targetHints":{"allow":["GET"]}}],"collection":[{"href":"https:\/\/ergolift.com\/hu\/wp-json\/wp\/v2\/pages"}],"about":[{"href":"https:\/\/ergolift.com\/hu\/wp-json\/wp\/v2\/types\/page"}],"author":[{"embeddable":true,"href":"https:\/\/ergolift.com\/hu\/wp-json\/wp\/v2\/users\/1"}],"replies":[{"embeddable":true,"href":"https:\/\/ergolift.com\/hu\/wp-json\/wp\/v2\/comments?post=3143"}],"version-history":[{"count":2,"href":"https:\/\/ergolift.com\/hu\/wp-json\/wp\/v2\/pages\/3143\/revisions"}],"predecessor-version":[{"id":3663,"href":"https:\/\/ergolift.com\/hu\/wp-json\/wp\/v2\/pages\/3143\/revisions\/3663"}],"wp:attachment":[{"href":"https:\/\/ergolift.com\/hu\/wp-json\/wp\/v2\/media?parent=3143"}],"curies":[{"name":"wp","href":"https:\/\/api.w.org\/{rel}","templated":true}]}}