{"id":3077,"date":"2021-11-10T11:35:45","date_gmt":"2021-11-10T11:35:45","guid":{"rendered":"https:\/\/ergolift.com\/ajanlatkeres\/"},"modified":"2025-01-06T07:53:27","modified_gmt":"2025-01-06T07:53:27","slug":"ajanlatkeres","status":"publish","type":"page","link":"https:\/\/ergolift.com\/hu\/ajanlatkeres\/","title":{"rendered":"Aj\u00e1nlatk\u00e9r\u00e9s"},"content":{"rendered":"<style>.kb-row-layout-id1559_235c91-a8 > .kt-row-column-wrap{align-content:start;}:where(.kb-row-layout-id1559_235c91-a8 > .kt-row-column-wrap) > .wp-block-kadence-column{justify-content:start;}.kb-row-layout-id1559_235c91-a8 > .kt-row-column-wrap{column-gap:var(--global-kb-gap-md, 2rem);row-gap:var(--global-kb-gap-md, 2rem);padding-top:5%;padding-bottom:0%;grid-template-columns:minmax(0, 1fr);}.kb-row-layout-id1559_235c91-a8 > .kt-row-layout-overlay{opacity:0.30;}@media all and (max-width: 1024px){.kb-row-layout-id1559_235c91-a8 > .kt-row-column-wrap{grid-template-columns:minmax(0, 1fr);}}@media all and (max-width: 767px){.kb-row-layout-id1559_235c91-a8 > .kt-row-column-wrap{grid-template-columns:minmax(0, 1fr);}}<\/style><div class=\"kb-row-layout-wrap kb-row-layout-id1559_235c91-a8 alignnone wp-block-kadence-rowlayout\"><div class=\"kt-row-column-wrap kt-has-1-columns kt-row-layout-equal kt-tab-layout-inherit kt-mobile-layout-row kt-row-valign-top\">\n<style>.kadence-column1559_64c576-91 > .kt-inside-inner-col,.kadence-column1559_64c576-91 > .kt-inside-inner-col:before{border-top-left-radius:0px;border-top-right-radius:0px;border-bottom-right-radius:0px;border-bottom-left-radius:0px;}.kadence-column1559_64c576-91 > .kt-inside-inner-col{column-gap:var(--global-kb-gap-sm, 1rem);}.kadence-column1559_64c576-91 > .kt-inside-inner-col{flex-direction:column;}.kadence-column1559_64c576-91 > .kt-inside-inner-col > .aligncenter{width:100%;}.kadence-column1559_64c576-91 > .kt-inside-inner-col:before{opacity:0.3;}.kadence-column1559_64c576-91{position:relative;}@media all and (max-width: 1024px){.kadence-column1559_64c576-91 > .kt-inside-inner-col{flex-direction:column;justify-content:center;}}@media all and (max-width: 767px){.kadence-column1559_64c576-91 > .kt-inside-inner-col{flex-direction:column;justify-content:center;}}<\/style>\n<div class=\"wp-block-kadence-column kadence-column1559_64c576-91 inner-column-1\"><div class=\"kt-inside-inner-col\"><style>.kb-row-layout-id1559_18abdc-41 > .kt-row-column-wrap{align-content:start;}:where(.kb-row-layout-id1559_18abdc-41 > .kt-row-column-wrap) > .wp-block-kadence-column{justify-content:start;}.kb-row-layout-id1559_18abdc-41 > .kt-row-column-wrap{column-gap:var(--global-kb-gap-md, 2rem);row-gap:var(--global-kb-gap-md, 2rem);padding-top:0px;padding-bottom:0px;grid-template-columns:minmax(0, calc(40% - ((var(--global-kb-gap-md, 2rem) * 1 )\/2)))minmax(0, calc(60% - ((var(--global-kb-gap-md, 2rem) * 1 )\/2)));}.kb-row-layout-id1559_18abdc-41 > .kt-row-layout-overlay{opacity:0.30;}@media all and (max-width: 1024px){.kb-row-layout-id1559_18abdc-41 > .kt-row-column-wrap{grid-template-columns:repeat(2, minmax(0, 1fr));}}@media all and (max-width: 767px){.kb-row-layout-id1559_18abdc-41 > .kt-row-column-wrap{grid-template-columns:minmax(0, 1fr);}.kb-row-layout-id1559_18abdc-41{display:none !important;}}<\/style><div class=\"kb-row-layout-wrap kb-row-layout-id1559_18abdc-41 alignnone kb-v-sm-hidden wp-block-kadence-rowlayout\"><div class=\"kt-row-column-wrap kt-has-2-columns kt-row-layout-equal kt-tab-layout-inherit kt-mobile-layout-row kt-row-valign-top\">\n<style>.kadence-column1559_5865d1-42 > .kt-inside-inner-col,.kadence-column1559_5865d1-42 > .kt-inside-inner-col:before{border-top-left-radius:0px;border-top-right-radius:0px;border-bottom-right-radius:0px;border-bottom-left-radius:0px;}.kadence-column1559_5865d1-42 > .kt-inside-inner-col{column-gap:var(--global-kb-gap-sm, 1rem);}.kadence-column1559_5865d1-42 > .kt-inside-inner-col{flex-direction:column;}.kadence-column1559_5865d1-42 > .kt-inside-inner-col > .aligncenter{width:100%;}.kadence-column1559_5865d1-42 > .kt-inside-inner-col:before{opacity:0.3;}.kadence-column1559_5865d1-42{position:relative;}@media all and (max-width: 1024px){.kadence-column1559_5865d1-42 > .kt-inside-inner-col{flex-direction:column;justify-content:center;}}@media all and (max-width: 767px){.kadence-column1559_5865d1-42 > .kt-inside-inner-col{padding-top:0px;padding-right:0px;padding-bottom:0px;padding-left:0px;flex-direction:column;justify-content:center;}.kadence-column1559_5865d1-42, .kt-inside-inner-col > .kadence-column1559_5865d1-42:not(.specificity){margin-top:0px;margin-right:0px;margin-bottom:0px;margin-left:0px;}}<\/style>\n<div class=\"wp-block-kadence-column kadence-column1559_5865d1-42 inner-column-1\"><div class=\"kt-inside-inner-col\"><div class=\"wp-block-image is-resized\">\n<figure class=\"alignright size-large\"><img loading=\"lazy\" decoding=\"async\" width=\"1024\" height=\"900\" src=\"https:\/\/ergolift.com\/wp-content\/uploads\/2022\/01\/shutterstock_-1024x900.jpg\" alt=\"\" class=\"wp-image-2010\" srcset=\"https:\/\/ergolift.com\/wp-content\/uploads\/2022\/01\/shutterstock_-1024x900.jpg 1024w, https:\/\/ergolift.com\/wp-content\/uploads\/2022\/01\/shutterstock_-300x264.jpg 300w, https:\/\/ergolift.com\/wp-content\/uploads\/2022\/01\/shutterstock_-768x675.jpg 768w, https:\/\/ergolift.com\/wp-content\/uploads\/2022\/01\/shutterstock_-1536x1350.jpg 1536w, https:\/\/ergolift.com\/wp-content\/uploads\/2022\/01\/shutterstock_-2048x1800.jpg 2048w, https:\/\/ergolift.com\/wp-content\/uploads\/2022\/01\/shutterstock_-14x12.jpg 14w\" sizes=\"auto, (max-width: 1024px) 100vw, 1024px\" \/><\/figure>\n<\/div><\/div><\/div>\n\n\n<style>.kadence-column1559_b1fc6d-5b > .kt-inside-inner-col{display:flex;}.kadence-column1559_b1fc6d-5b > .kt-inside-inner-col{padding-right:25%;}.kadence-column1559_b1fc6d-5b > .kt-inside-inner-col,.kadence-column1559_b1fc6d-5b > .kt-inside-inner-col:before{border-top-left-radius:0px;border-top-right-radius:0px;border-bottom-right-radius:0px;border-bottom-left-radius:0px;}.kadence-column1559_b1fc6d-5b > .kt-inside-inner-col{column-gap:var(--global-kb-gap-sm, 1rem);}.kadence-column1559_b1fc6d-5b > .kt-inside-inner-col{flex-direction:column;justify-content:center;}.kadence-column1559_b1fc6d-5b > .kt-inside-inner-col > .aligncenter{width:100%;}.kt-row-column-wrap > .kadence-column1559_b1fc6d-5b{align-self:center;}.kt-inner-column-height-full:not(.kt-has-1-columns) > .wp-block-kadence-column.kadence-column1559_b1fc6d-5b{align-self:auto;}.kt-inner-column-height-full:not(.kt-has-1-columns) > .wp-block-kadence-column.kadence-column1559_b1fc6d-5b > .kt-inside-inner-col{flex-direction:column;justify-content:center;}.kadence-column1559_b1fc6d-5b > .kt-inside-inner-col:before{opacity:0.3;}.kadence-column1559_b1fc6d-5b{position:relative;}@media all and (max-width: 1024px){.kt-row-column-wrap > .kadence-column1559_b1fc6d-5b{align-self:center;}}@media all and (max-width: 1024px){.kt-inner-column-height-full:not(.kt-has-1-columns) > .wp-block-kadence-column.kadence-column1559_b1fc6d-5b{align-self:auto;}}@media all and (max-width: 1024px){.kt-inner-column-height-full:not(.kt-has-1-columns) > .wp-block-kadence-column.kadence-column1559_b1fc6d-5b > .kt-inside-inner-col{flex-direction:column;justify-content:center;}}@media all and (max-width: 1024px){.kadence-column1559_b1fc6d-5b > .kt-inside-inner-col{flex-direction:column;justify-content:center;}}@media all and (max-width: 767px){.kt-row-column-wrap > .kadence-column1559_b1fc6d-5b{align-self:center;}.kt-inner-column-height-full:not(.kt-has-1-columns) > .wp-block-kadence-column.kadence-column1559_b1fc6d-5b{align-self:auto;}.kt-inner-column-height-full:not(.kt-has-1-columns) > .wp-block-kadence-column.kadence-column1559_b1fc6d-5b > .kt-inside-inner-col{flex-direction:column;justify-content:center;}.kadence-column1559_b1fc6d-5b > .kt-inside-inner-col{flex-direction:column;justify-content:center;}}<\/style>\n<div class=\"wp-block-kadence-column kadence-column1559_b1fc6d-5b inner-column-2\"><div class=\"kt-inside-inner-col\"><style>.wp-block-kadence-advancedheading.kt-adv-heading1559_0ea344-bd, .wp-block-kadence-advancedheading.kt-adv-heading1559_0ea344-bd[data-kb-block=\"kb-adv-heading1559_0ea344-bd\"]{text-align:left;font-size:30px;font-style:normal;text-transform:none;}.wp-block-kadence-advancedheading.kt-adv-heading1559_0ea344-bd mark.kt-highlight, .wp-block-kadence-advancedheading.kt-adv-heading1559_0ea344-bd[data-kb-block=\"kb-adv-heading1559_0ea344-bd\"] mark.kt-highlight{font-style:normal;color:#f76a0c;-webkit-box-decoration-break:clone;box-decoration-break:clone;padding-top:0px;padding-right:0px;padding-bottom:0px;padding-left:0px;}.wp-block-kadence-advancedheading.kt-adv-heading1559_0ea344-bd img.kb-inline-image, .wp-block-kadence-advancedheading.kt-adv-heading1559_0ea344-bd[data-kb-block=\"kb-adv-heading1559_0ea344-bd\"] img.kb-inline-image{width:150px;vertical-align:baseline;}@media all and (max-width: 767px){.wp-block-kadence-advancedheading.kt-adv-heading1559_0ea344-bd, .wp-block-kadence-advancedheading.kt-adv-heading1559_0ea344-bd[data-kb-block=\"kb-adv-heading1559_0ea344-bd\"]{padding-top:0px;padding-right:0px;padding-bottom:0px;padding-left:0px;margin-top:0px;margin-right:0px;margin-bottom:0px;margin-left:0px;font-size:25px;}}<\/style>\n<h1 class=\"kt-adv-heading1559_0ea344-bd wp-block-kadence-advancedheading\" data-kb-block=\"kb-adv-heading1559_0ea344-bd\"><strong>\u00c9rdekli, hogy mennyibe ker\u00fclhet egy Ergolift\u00ae beruh\u00e1z\u00e1s?<\/strong><\/h1>\n\n\n\n<p>K\u00e9rjen \u00e1raj\u00e1nlatot telefonon vagy az al\u00e1bbi kapcsolatfelv\u00e9teli \u0171rlapon kereszt\u00fcl.  <\/p>\n<\/div><\/div>\n\n<\/div><\/div>\n\n<style>.kb-row-layout-id1559_d15cec-e2 > .kt-row-column-wrap{align-content:start;}:where(.kb-row-layout-id1559_d15cec-e2 > .kt-row-column-wrap) > .wp-block-kadence-column{justify-content:start;}.kb-row-layout-id1559_d15cec-e2 > .kt-row-column-wrap{column-gap:var(--global-kb-gap-md, 2rem);row-gap:var(--global-kb-gap-md, 2rem);padding-top:0%;padding-bottom:0%;grid-template-columns:minmax(0, calc(40% - ((var(--global-kb-gap-md, 2rem) * 1 )\/2)))minmax(0, calc(60% - ((var(--global-kb-gap-md, 2rem) * 1 )\/2)));}.kb-row-layout-id1559_d15cec-e2 > .kt-row-layout-overlay{opacity:0.30;}@media all and (min-width: 1025px){.kb-row-layout-id1559_d15cec-e2{display:none !important;}}@media all and (max-width: 1024px){.kb-row-layout-id1559_d15cec-e2 > .kt-row-column-wrap{grid-template-columns:repeat(2, minmax(0, 1fr));}}@media all and (min-width: 768px) and (max-width: 1024px){.kb-row-layout-id1559_d15cec-e2{display:none !important;}}@media all and (max-width: 767px){.kb-row-layout-id1559_d15cec-e2 > .kt-row-column-wrap{padding-top:25%;padding-bottom:15%;grid-template-columns:minmax(0, 1fr);}}<\/style><div class=\"kb-row-layout-wrap kb-row-layout-id1559_d15cec-e2 alignnone kb-v-lg-hidden kb-v-md-hidden wp-block-kadence-rowlayout\"><div class=\"kt-row-column-wrap kt-has-2-columns kt-row-layout-equal kt-tab-layout-inherit kt-mobile-layout-row kt-row-valign-top\">\n<style>.kadence-column1559_61d424-4b > .kt-inside-inner-col,.kadence-column1559_61d424-4b > .kt-inside-inner-col:before{border-top-left-radius:0px;border-top-right-radius:0px;border-bottom-right-radius:0px;border-bottom-left-radius:0px;}.kadence-column1559_61d424-4b > .kt-inside-inner-col{column-gap:var(--global-kb-gap-sm, 1rem);}.kadence-column1559_61d424-4b > .kt-inside-inner-col{flex-direction:column;}.kadence-column1559_61d424-4b > .kt-inside-inner-col > .aligncenter{width:100%;}.kadence-column1559_61d424-4b > .kt-inside-inner-col:before{opacity:0.3;}.kadence-column1559_61d424-4b{position:relative;}@media all and (max-width: 1024px){.kadence-column1559_61d424-4b > .kt-inside-inner-col{flex-direction:column;justify-content:center;}}@media all and (max-width: 767px){.kadence-column1559_61d424-4b > .kt-inside-inner-col{padding-top:0px;padding-right:0px;padding-bottom:0px;padding-left:0px;flex-direction:column;justify-content:center;}.kadence-column1559_61d424-4b, .kt-inside-inner-col > .kadence-column1559_61d424-4b:not(.specificity){margin-top:0px;margin-right:0px;margin-bottom:0px;margin-left:0px;}}<\/style>\n<div class=\"wp-block-kadence-column kadence-column1559_61d424-4b inner-column-1\"><div class=\"kt-inside-inner-col\"><div class=\"wp-block-image is-resized\">\n<figure class=\"aligncenter size-large\"><img loading=\"lazy\" decoding=\"async\" width=\"1024\" height=\"900\" src=\"https:\/\/ergolift.com\/wp-content\/uploads\/2022\/01\/shutterstock_-1024x900.jpg\" alt=\"\" class=\"wp-image-2010\" srcset=\"https:\/\/ergolift.com\/wp-content\/uploads\/2022\/01\/shutterstock_-1024x900.jpg 1024w, https:\/\/ergolift.com\/wp-content\/uploads\/2022\/01\/shutterstock_-300x264.jpg 300w, https:\/\/ergolift.com\/wp-content\/uploads\/2022\/01\/shutterstock_-768x675.jpg 768w, https:\/\/ergolift.com\/wp-content\/uploads\/2022\/01\/shutterstock_-1536x1350.jpg 1536w, https:\/\/ergolift.com\/wp-content\/uploads\/2022\/01\/shutterstock_-2048x1800.jpg 2048w, https:\/\/ergolift.com\/wp-content\/uploads\/2022\/01\/shutterstock_-14x12.jpg 14w\" sizes=\"auto, (max-width: 1024px) 100vw, 1024px\" \/><\/figure>\n<\/div><\/div><\/div>\n\n\n<style>.kadence-column1559_4ea60d-57 > .kt-inside-inner-col{display:flex;}.kadence-column1559_4ea60d-57 > .kt-inside-inner-col{padding-right:0%;}.kadence-column1559_4ea60d-57 > .kt-inside-inner-col,.kadence-column1559_4ea60d-57 > .kt-inside-inner-col:before{border-top-left-radius:0px;border-top-right-radius:0px;border-bottom-right-radius:0px;border-bottom-left-radius:0px;}.kadence-column1559_4ea60d-57 > .kt-inside-inner-col{column-gap:var(--global-kb-gap-sm, 1rem);}.kadence-column1559_4ea60d-57 > .kt-inside-inner-col{flex-direction:column;justify-content:center;}.kadence-column1559_4ea60d-57 > .kt-inside-inner-col > .aligncenter{width:100%;}.kt-row-column-wrap > .kadence-column1559_4ea60d-57{align-self:center;}.kt-inner-column-height-full:not(.kt-has-1-columns) > .wp-block-kadence-column.kadence-column1559_4ea60d-57{align-self:auto;}.kt-inner-column-height-full:not(.kt-has-1-columns) > .wp-block-kadence-column.kadence-column1559_4ea60d-57 > .kt-inside-inner-col{flex-direction:column;justify-content:center;}.kadence-column1559_4ea60d-57 > .kt-inside-inner-col:before{opacity:0.3;}.kadence-column1559_4ea60d-57{position:relative;}@media all and (max-width: 1024px){.kt-row-column-wrap > .kadence-column1559_4ea60d-57{align-self:center;}}@media all and (max-width: 1024px){.kt-inner-column-height-full:not(.kt-has-1-columns) > .wp-block-kadence-column.kadence-column1559_4ea60d-57{align-self:auto;}}@media all and (max-width: 1024px){.kt-inner-column-height-full:not(.kt-has-1-columns) > .wp-block-kadence-column.kadence-column1559_4ea60d-57 > .kt-inside-inner-col{flex-direction:column;justify-content:center;}}@media all and (max-width: 1024px){.kadence-column1559_4ea60d-57 > .kt-inside-inner-col{flex-direction:column;justify-content:center;}}@media all and (max-width: 767px){.kt-row-column-wrap > .kadence-column1559_4ea60d-57{align-self:center;}.kt-inner-column-height-full:not(.kt-has-1-columns) > .wp-block-kadence-column.kadence-column1559_4ea60d-57{align-self:auto;}.kt-inner-column-height-full:not(.kt-has-1-columns) > .wp-block-kadence-column.kadence-column1559_4ea60d-57 > .kt-inside-inner-col{flex-direction:column;justify-content:center;}.kadence-column1559_4ea60d-57 > .kt-inside-inner-col{flex-direction:column;justify-content:center;}}<\/style>\n<div class=\"wp-block-kadence-column kadence-column1559_4ea60d-57 inner-column-2\"><div class=\"kt-inside-inner-col\"><style>.wp-block-kadence-advancedheading.kt-adv-heading1559_237bda-35, .wp-block-kadence-advancedheading.kt-adv-heading1559_237bda-35[data-kb-block=\"kb-adv-heading1559_237bda-35\"]{text-align:center;font-size:30px;font-style:normal;text-transform:none;}.wp-block-kadence-advancedheading.kt-adv-heading1559_237bda-35 mark.kt-highlight, .wp-block-kadence-advancedheading.kt-adv-heading1559_237bda-35[data-kb-block=\"kb-adv-heading1559_237bda-35\"] mark.kt-highlight{font-style:normal;color:#f76a0c;-webkit-box-decoration-break:clone;box-decoration-break:clone;padding-top:0px;padding-right:0px;padding-bottom:0px;padding-left:0px;}.wp-block-kadence-advancedheading.kt-adv-heading1559_237bda-35 img.kb-inline-image, .wp-block-kadence-advancedheading.kt-adv-heading1559_237bda-35[data-kb-block=\"kb-adv-heading1559_237bda-35\"] img.kb-inline-image{width:150px;vertical-align:baseline;}@media all and (max-width: 767px){.wp-block-kadence-advancedheading.kt-adv-heading1559_237bda-35, .wp-block-kadence-advancedheading.kt-adv-heading1559_237bda-35[data-kb-block=\"kb-adv-heading1559_237bda-35\"]{padding-top:0px;padding-right:0px;padding-bottom:0px;padding-left:0px;margin-top:0px;margin-right:0px;margin-bottom:0px;margin-left:0px;font-size:25px;}}<\/style>\n<h2 class=\"kt-adv-heading1559_237bda-35 wp-block-kadence-advancedheading\" data-kb-block=\"kb-adv-heading1559_237bda-35\"><strong> <strong>\u00c9rdekli, hogy mennyibe ker\u00fclhet egy Ergolift\u00ae beruh\u00e1z\u00e1s?<\/strong> <\/strong><\/h2>\n\n\n\n<p class=\"has-text-align-center\">  K\u00e9rjen \u00e1raj\u00e1nlatot telefonon vagy az al\u00e1bbi kapcsolatfelv\u00e9teli \u0171rlapon kereszt\u00fcl.  <\/p>\n<\/div><\/div>\n\n<\/div><\/div><\/div><\/div>\n\n<\/div><\/div><style>.kb-row-layout-id1559_1cc4c4-d8 > .kt-row-column-wrap{align-content:start;}:where(.kb-row-layout-id1559_1cc4c4-d8 > .kt-row-column-wrap) > .wp-block-kadence-column{justify-content:start;}.kb-row-layout-id1559_1cc4c4-d8 > .kt-row-column-wrap{column-gap:var(--global-kb-gap-md, 2rem);row-gap:var(--global-kb-gap-md, 2rem);padding-top:3%;padding-right:30%;padding-bottom:15%;padding-left:30%;grid-template-columns:minmax(0, 1fr);}.kb-row-layout-id1559_1cc4c4-d8 > .kt-row-layout-overlay{opacity:0.30;}@media all and (max-width: 1024px){.kb-row-layout-id1559_1cc4c4-d8 > .kt-row-column-wrap{grid-template-columns:minmax(0, 1fr);}}@media all and (max-width: 767px){.kb-row-layout-wrap.wp-block-kadence-rowlayout.kb-row-layout-id1559_1cc4c4-d8{margin-top:0px;margin-bottom:0px;}.kb-row-layout-id1559_1cc4c4-d8 > .kt-row-column-wrap{padding-top:0%;padding-right:10%;padding-bottom:0%;padding-left:10%;grid-template-columns:minmax(0, 1fr);}}<\/style><div class=\"kb-row-layout-wrap kb-row-layout-id1559_1cc4c4-d8 alignnone wp-block-kadence-rowlayout\"><div class=\"kt-row-column-wrap kt-has-1-columns kt-row-layout-equal kt-tab-layout-inherit kt-mobile-layout-row kt-row-valign-top\">\n<style>.kadence-column1559_4d60d2-74 > .kt-inside-inner-col,.kadence-column1559_4d60d2-74 > .kt-inside-inner-col:before{border-top-left-radius:0px;border-top-right-radius:0px;border-bottom-right-radius:0px;border-bottom-left-radius:0px;}.kadence-column1559_4d60d2-74 > .kt-inside-inner-col{column-gap:var(--global-kb-gap-sm, 1rem);}.kadence-column1559_4d60d2-74 > .kt-inside-inner-col{flex-direction:column;}.kadence-column1559_4d60d2-74 > .kt-inside-inner-col > .aligncenter{width:100%;}.kadence-column1559_4d60d2-74 > .kt-inside-inner-col:before{opacity:0.3;}.kadence-column1559_4d60d2-74{position:relative;}@media all and (max-width: 1024px){.kadence-column1559_4d60d2-74 > .kt-inside-inner-col{flex-direction:column;justify-content:center;}}@media all and (max-width: 767px){.kadence-column1559_4d60d2-74 > .kt-inside-inner-col{flex-direction:column;justify-content:center;}}<\/style>\n<div class=\"wp-block-kadence-column kadence-column1559_4d60d2-74 inner-column-1\"><div class=\"kt-inside-inner-col\"><style>.kadence-form-1559_698b5b-b1 .kb-form .kadence-blocks-form-field .kb-forms-submit{color:var(--global-palette9, #ffffff);background:#0092d0;}.kadence-form-1559_698b5b-b1 .kb-form .kadence-blocks-form-field .kb-forms-submit:hover, .kadence-form-1559_698b5b-b1 .kb-form .kadence-blocks-form-field .kb-forms-submit:focus {color:var(--global-palette9, #ffffff);background:#2bbdfd;}.kadence-form-1559_698b5b-b1 .kb-form .kadence-blocks-form-field .kb-forms-submit{font-size:17px;text-transform:none;}.kb-form input.kadence-blocks-field.verify{opacity:0.0;position:absolute;top:0.0;left:0.0;width:0.0;height:0.0;z-index:-1;}<\/style>\n<div class=\"wp-block-kadence-form kadence-form-1559_698b5b-b1 kb-form-wrap\"><form class=\"kb-form\" action=\"\" method=\"post\" data-error-message=\"K&#xE9;rj&#xFC;k, jav&#xED;tsa ki a hib&#xE1;kat, miel&#x151;tt folytatn&#xE1;.\"><div class=\"kadence-blocks-form-field kb-field-desk-width-100 kb-input-size-standard\"><label for=\"kb_field_1559_698b5b-b1_0\">A szervezet neve<\/label><input name=\"kb_field_0\" id=\"kb_field_1559_698b5b-b1_0\" data-label=\"A szervezet neve\" type=\"text\" placeholder=\"Mi a neved?\" value=\"\" data-type=\"text\" class=\"kb-field kb-text-style-field kb-text-field kb-field-0\"\/><\/div><div class=\"kadence-blocks-form-field kb-form-field-1 kb-field-desk-width-100 kb-input-size-standard\"><label for=\"kb_field_1559_698b5b-b1_1\">E-mail c\u00edm<span class=\"required\">*<\/span><\/label><input name=\"kb_field_1\" id=\"kb_field_1559_698b5b-b1_1\" data-label=\"E-mail c&#xED;m\" type=\"email\" placeholder=\"Melyik e-mail c&#xED;men &#xE9;rhetj&#xFC;k el &#xD6;nt?\" value=\"\" data-type=\"email\" class=\"kb-field kb-text-style-field kb-email-field kb-field-1\" data-required=\"yes\" data-required-message=\"Az e-mail k&#xF6;telez&#x151;.\" data-validation-message=\"Az e-mail c&#xED;m &#xE9;rv&#xE9;nytelen.\"\/><\/div><div class=\"kadence-blocks-form-field kb-form-field-2 kb-field-desk-width-100 kb-input-size-standard\"><label for=\"kb_field_1559_698b5b-b1_2\">\u00c9rtes\u00edt\u00e9s<span class=\"required\">*<\/span><\/label><textarea name=\"kb_field_2\" id=\"kb_field_1559_698b5b-b1_2\" data-label=\"&#xC9;rtes&#xED;t&#xE9;s\" type=\"textarea\" placeholder=\"&#xCD;rjon r&#xF6;vid le&#xED;r&#xE1;st a szervezet&#xE9;r&#x151;l &#xE9;s az emel&#xE9;ssel kapcsolatos jelenlegi kih&#xED;v&#xE1;sair&#xF3;l.\" data-type=\"textarea\" class=\"kb-field kb-text-style-field kb-textarea-field kb-field-2\" rows=\"4\" data-required=\"yes\"><\/textarea><\/div><input type=\"hidden\" name=\"_kb_form_id\" value=\"1559_698b5b-b1\"\/><input type=\"hidden\" name=\"_kb_form_post_id\" value=\"3077\"\/><input type=\"hidden\" name=\"action\" value=\"kb_process_ajax_submit\"\/><label class=\"kadence-verify-label\">Email<input class=\"kadence-blocks-field verify\" type=\"text\" name=\"_kb_verify_email\" autocomplete=\"new-password\" aria-hidden=\"true\" placeholder=\"Email\" tabindex=\"-1\" data-1p-ignore=\"true\" data-lpignore=\"true\" \/><\/label><div class=\"kadence-blocks-form-field kb-submit-field kb-field-desk-width-100\"><button class=\"kb-forms-submit button kb-button-size-standard kb-button-width-auto\">K\u00fcldje be a<\/button><\/div><\/form><\/div>\n<noscript><div class=\"kadence-blocks-form-message kadence-blocks-form-warning\">Please enable JavaScript in your browser to submit the form<\/div><style>.kadence-form-1559_698b5b-b1 .kadence-blocks-form-field.kb-submit-field { display: none; }<\/style><\/noscript><\/div><\/div>\n\n<\/div><\/div>\n<p><\/p>\n","protected":false},"excerpt":{"rendered":"<p>\u00c9rdekli, hogy mennyibe ker\u00fclhet egy Ergolift\u00ae beruh\u00e1z\u00e1s? K\u00e9rjen \u00e1raj\u00e1nlatot telefonon vagy az al\u00e1bbi kapcsolatfelv\u00e9teli \u0171rlapon kereszt\u00fcl. \u00c9rdekli, hogy mennyibe ker\u00fclhet egy Ergolift\u00ae beruh\u00e1z\u00e1s? K\u00e9rjen \u00e1raj\u00e1nlatot telefonon vagy az al\u00e1bbi kapcsolatfelv\u00e9teli \u0171rlapon kereszt\u00fcl.<\/p>\n","protected":false},"author":1,"featured_media":0,"parent":0,"menu_order":0,"comment_status":"closed","ping_status":"closed","template":"","meta":{"_kad_post_transparent":"","_kad_post_title":"","_kad_post_layout":"","_kad_post_sidebar_id":"","_kad_post_content_style":"","_kad_post_vertical_padding":"","_kad_post_feature":"","_kad_post_feature_position":"","_kad_post_header":false,"_kad_post_footer":false,"_kad_post_classname":"","footnotes":""},"class_list":["post-3077","page","type-page","status-publish","hentry"],"_links":{"self":[{"href":"https:\/\/ergolift.com\/hu\/wp-json\/wp\/v2\/pages\/3077","targetHints":{"allow":["GET"]}}],"collection":[{"href":"https:\/\/ergolift.com\/hu\/wp-json\/wp\/v2\/pages"}],"about":[{"href":"https:\/\/ergolift.com\/hu\/wp-json\/wp\/v2\/types\/page"}],"author":[{"embeddable":true,"href":"https:\/\/ergolift.com\/hu\/wp-json\/wp\/v2\/users\/1"}],"replies":[{"embeddable":true,"href":"https:\/\/ergolift.com\/hu\/wp-json\/wp\/v2\/comments?post=3077"}],"version-history":[{"count":6,"href":"https:\/\/ergolift.com\/hu\/wp-json\/wp\/v2\/pages\/3077\/revisions"}],"predecessor-version":[{"id":3342,"href":"https:\/\/ergolift.com\/hu\/wp-json\/wp\/v2\/pages\/3077\/revisions\/3342"}],"wp:attachment":[{"href":"https:\/\/ergolift.com\/hu\/wp-json\/wp\/v2\/media?parent=3077"}],"curies":[{"name":"wp","href":"https:\/\/api.w.org\/{rel}","templated":true}]}}