{"id":3034,"date":"2024-10-18T12:01:06","date_gmt":"2024-10-18T12:01:06","guid":{"rendered":"https:\/\/ergolift.com\/koszonom\/"},"modified":"2024-12-12T14:52:36","modified_gmt":"2024-12-12T14:52:36","slug":"koszonom","status":"publish","type":"page","link":"https:\/\/ergolift.com\/hu\/koszonom\/","title":{"rendered":"K\u00f6sz\u00f6n\u00f6m"},"content":{"rendered":"<style>.kb-row-layout-wrap.wp-block-kadence-rowlayout.kb-row-layout-id2456_dcdfe6-42{margin-top:0%;}.kb-row-layout-id2456_dcdfe6-42 > .kt-row-column-wrap{align-content:start;}:where(.kb-row-layout-id2456_dcdfe6-42 > .kt-row-column-wrap) > .wp-block-kadence-column{justify-content:start;}.kb-row-layout-id2456_dcdfe6-42 > .kt-row-column-wrap{column-gap:var(--global-kb-gap-md, 2rem);row-gap:var(--global-kb-gap-md, 2rem);padding-top:10%;padding-right:15%;padding-bottom:25%;padding-left:15%;grid-template-columns:minmax(0, 1fr);}.kb-row-layout-id2456_dcdfe6-42{background-image:url('https:\/\/ergolift.com\/wp-content\/uploads\/2021\/11\/gra-bakgrund-startsida.jpg');background-size:cover;background-position:center center;background-attachment:scroll;background-repeat:no-repeat;}.kb-row-layout-id2456_dcdfe6-42 > .kt-row-layout-overlay{opacity:0.30;}@media all and (max-width: 1024px){.kb-row-layout-id2456_dcdfe6-42 > .kt-row-column-wrap{grid-template-columns:minmax(0, 1fr);}}@media all and (max-width: 767px){.kb-row-layout-id2456_dcdfe6-42 > .kt-row-column-wrap{padding-top:5%;padding-right:3%;padding-bottom:100%;padding-left:3%;grid-template-columns:minmax(0, 1fr);}}<\/style><div class=\"kb-row-layout-wrap kb-row-layout-id2456_dcdfe6-42 alignfull kt-row-has-bg wp-block-kadence-rowlayout\"><div class=\"kt-row-column-wrap kt-has-1-columns kt-row-layout-equal kt-tab-layout-inherit kt-mobile-layout-row kt-row-valign-top\">\n<style>.kadence-column2456_57ad77-e3 > .kt-inside-inner-col{padding-top:0px;padding-right:0px;padding-bottom:0px;padding-left:0px;}.kadence-column2456_57ad77-e3 > .kt-inside-inner-col,.kadence-column2456_57ad77-e3 > .kt-inside-inner-col:before{border-top-left-radius:0px;border-top-right-radius:0px;border-bottom-right-radius:0px;border-bottom-left-radius:0px;}.kadence-column2456_57ad77-e3 > .kt-inside-inner-col{column-gap:var(--global-kb-gap-sm, 1rem);}.kadence-column2456_57ad77-e3 > .kt-inside-inner-col{flex-direction:column;}.kadence-column2456_57ad77-e3 > .kt-inside-inner-col > .aligncenter{width:100%;}.kadence-column2456_57ad77-e3 > .kt-inside-inner-col:before{opacity:0.3;}.kadence-column2456_57ad77-e3{position:relative;}.kadence-column2456_57ad77-e3, .kt-inside-inner-col > .kadence-column2456_57ad77-e3:not(.specificity){margin-top:0px;margin-right:0px;margin-bottom:0px;margin-left:0px;}@media all and (max-width: 1024px){.kadence-column2456_57ad77-e3 > .kt-inside-inner-col{flex-direction:column;justify-content:center;}}@media all and (max-width: 767px){.kadence-column2456_57ad77-e3 > .kt-inside-inner-col{flex-direction:column;justify-content:center;}}<\/style>\n<div class=\"wp-block-kadence-column kadence-column2456_57ad77-e3\"><div class=\"kt-inside-inner-col\"><style>.wp-block-kadence-advancedheading.kt-adv-heading2456_56d449-21, .wp-block-kadence-advancedheading.kt-adv-heading2456_56d449-21[data-kb-block=\"kb-adv-heading2456_56d449-21\"]{padding-top:0%;padding-right:0%;padding-bottom:0%;padding-left:0%;margin-top:0px;margin-right:0px;margin-bottom:0px;margin-left:0px;font-size:60px;font-style:normal;color:#000000;}.wp-block-kadence-advancedheading.kt-adv-heading2456_56d449-21 mark.kt-highlight, .wp-block-kadence-advancedheading.kt-adv-heading2456_56d449-21[data-kb-block=\"kb-adv-heading2456_56d449-21\"] mark.kt-highlight{font-style:normal;color:#f76a0c;-webkit-box-decoration-break:clone;box-decoration-break:clone;padding-top:0px;padding-right:0px;padding-bottom:0px;padding-left:0px;}.wp-block-kadence-advancedheading.kt-adv-heading2456_56d449-21 img.kb-inline-image, .wp-block-kadence-advancedheading.kt-adv-heading2456_56d449-21[data-kb-block=\"kb-adv-heading2456_56d449-21\"] img.kb-inline-image{width:150px;vertical-align:baseline;}@media all and (max-width: 767px){.wp-block-kadence-advancedheading.kt-adv-heading2456_56d449-21, .wp-block-kadence-advancedheading.kt-adv-heading2456_56d449-21[data-kb-block=\"kb-adv-heading2456_56d449-21\"]{padding-top:0%;padding-bottom:0%;padding-left:0%;margin-bottom:0px;}}<\/style>\n<h1 class=\"kt-adv-heading2456_56d449-21 wp-block-kadence-advancedheading\" data-kb-block=\"kb-adv-heading2456_56d449-21\"><strong>K\u00f6sz\u00f6n\u00f6m<\/strong><\/h1>\n\n\n<style>.wp-block-kadence-advancedheading.kt-adv-heading2456_adfd76-4a, .wp-block-kadence-advancedheading.kt-adv-heading2456_adfd76-4a[data-kb-block=\"kb-adv-heading2456_adfd76-4a\"]{font-size:20px;font-style:normal;text-transform:none;color:#000000;}.wp-block-kadence-advancedheading.kt-adv-heading2456_adfd76-4a mark.kt-highlight, .wp-block-kadence-advancedheading.kt-adv-heading2456_adfd76-4a[data-kb-block=\"kb-adv-heading2456_adfd76-4a\"] mark.kt-highlight{font-style:normal;color:#f76a0c;-webkit-box-decoration-break:clone;box-decoration-break:clone;padding-top:0px;padding-right:0px;padding-bottom:0px;padding-left:0px;}.wp-block-kadence-advancedheading.kt-adv-heading2456_adfd76-4a img.kb-inline-image, .wp-block-kadence-advancedheading.kt-adv-heading2456_adfd76-4a[data-kb-block=\"kb-adv-heading2456_adfd76-4a\"] img.kb-inline-image{width:150px;vertical-align:baseline;}@media all and (max-width: 767px){.wp-block-kadence-advancedheading.kt-adv-heading2456_adfd76-4a, .wp-block-kadence-advancedheading.kt-adv-heading2456_adfd76-4a[data-kb-block=\"kb-adv-heading2456_adfd76-4a\"]{font-size:18px;line-height:1.2;}}<\/style>\n<p class=\"kt-adv-heading2456_adfd76-4a wp-block-kadence-advancedheading\" data-kb-block=\"kb-adv-heading2456_adfd76-4a\">Nagyon k\u00f6sz\u00f6nj\u00fck, hogy kapcsolatba l\u00e9pett vel\u00fcnk. Amint tudunk, jelentkezni fogunk.<\/p>\n\n\n<style>.wp-block-kadence-advancedbtn.kb-btns2456_b8f766-cf{gap:var(--global-kb-gap-xs, 0.5rem );justify-content:flex-start;align-items:center;}.kt-btns2456_b8f766-cf .kt-button{font-weight:normal;font-style:normal;}.kt-btns2456_b8f766-cf .kt-btn-wrap-0{margin-right:5px;}.wp-block-kadence-advancedbtn.kt-btns2456_b8f766-cf .kt-btn-wrap-0 .kt-button{color:#555555;border-color:#555555;}.wp-block-kadence-advancedbtn.kt-btns2456_b8f766-cf .kt-btn-wrap-0 .kt-button:hover, .wp-block-kadence-advancedbtn.kt-btns2456_b8f766-cf .kt-btn-wrap-0 .kt-button:focus{color:#ffffff;border-color:#444444;}.wp-block-kadence-advancedbtn.kt-btns2456_b8f766-cf .kt-btn-wrap-0 .kt-button::before{display:none;}.wp-block-kadence-advancedbtn.kt-btns2456_b8f766-cf .kt-btn-wrap-0 .kt-button:hover, .wp-block-kadence-advancedbtn.kt-btns2456_b8f766-cf .kt-btn-wrap-0 .kt-button:focus{background:#444444;}<\/style>\n<div class=\"wp-block-kadence-advancedbtn kb-buttons-wrap kb-btns2456_b8f766-cf\"><style>ul.menu .wp-block-kadence-advancedbtn .kb-btn2456_e18a89-cb.kb-button{width:initial;}.wp-block-kadence-advancedbtn .kb-btn2456_e18a89-cb.kb-button{color:var(--global-palette9, #ffffff);background:#0092d0;font-size:20px;text-transform:none;}.wp-block-kadence-advancedbtn .kb-btn2456_e18a89-cb.kb-button:hover, .wp-block-kadence-advancedbtn .kb-btn2456_e18a89-cb.kb-button:focus{color:var(--global-palette9, #ffffff);background:#2bbdfd;}@media all and (max-width: 767px){.wp-block-kadence-advancedbtn .kb-btn2456_e18a89-cb.kb-button{font-size:17px;}}<\/style><a class=\"kb-button kt-button button kb-btn2456_e18a89-cb kt-btn-size-standard kt-btn-width-type-auto kb-btn-global-fill  kt-btn-has-text-true kt-btn-has-svg-true  wp-block-kadence-singlebtn\" href=\"https:\/\/ergolift.com\/hu\/\"><span class=\"kt-btn-inner-text\">Vissza a f\u0151oldalra<\/span><span class=\"kb-svg-icon-wrap kb-svg-icon-fe_arrowRightCircle kt-btn-icon-side-right\"><svg viewBox=\"0 0 24 24\"  fill=\"none\" stroke=\"currentColor\" stroke-width=\"2\" stroke-linecap=\"round\" stroke-linejoin=\"round\" xmlns=\"http:\/\/www.w3.org\/2000\/svg\"  aria-hidden=\"true\"><circle cx=\"12\" cy=\"12\" r=\"10\"\/><polyline points=\"12 16 16 12 12 8\"\/><line x1=\"8\" y1=\"12\" x2=\"16\" y2=\"12\"\/><\/svg><\/span><\/a><\/div>\n<\/div><\/div>\n\n<\/div><\/div>","protected":false},"excerpt":{"rendered":"<p>K\u00f6sz\u00f6n\u00f6m Nagyon k\u00f6sz\u00f6nj\u00fck, hogy kapcsolatba l\u00e9pett vel\u00fcnk. Amint tudunk, jelentkezni fogunk.<\/p>\n","protected":false},"author":1,"featured_media":0,"parent":0,"menu_order":0,"comment_status":"closed","ping_status":"closed","template":"","meta":{"_kad_post_transparent":"","_kad_post_title":"","_kad_post_layout":"","_kad_post_sidebar_id":"","_kad_post_content_style":"","_kad_post_vertical_padding":"","_kad_post_feature":"","_kad_post_feature_position":"","_kad_post_header":false,"_kad_post_footer":false,"_kad_post_classname":"","footnotes":""},"class_list":["post-3034","page","type-page","status-publish","hentry"],"_links":{"self":[{"href":"https:\/\/ergolift.com\/hu\/wp-json\/wp\/v2\/pages\/3034","targetHints":{"allow":["GET"]}}],"collection":[{"href":"https:\/\/ergolift.com\/hu\/wp-json\/wp\/v2\/pages"}],"about":[{"href":"https:\/\/ergolift.com\/hu\/wp-json\/wp\/v2\/types\/page"}],"author":[{"embeddable":true,"href":"https:\/\/ergolift.com\/hu\/wp-json\/wp\/v2\/users\/1"}],"replies":[{"embeddable":true,"href":"https:\/\/ergolift.com\/hu\/wp-json\/wp\/v2\/comments?post=3034"}],"version-history":[{"count":0,"href":"https:\/\/ergolift.com\/hu\/wp-json\/wp\/v2\/pages\/3034\/revisions"}],"wp:attachment":[{"href":"https:\/\/ergolift.com\/hu\/wp-json\/wp\/v2\/media?parent=3034"}],"curies":[{"name":"wp","href":"https:\/\/api.w.org\/{rel}","templated":true}]}}