{"id":3147,"date":"2021-11-04T15:44:40","date_gmt":"2021-11-04T15:44:40","guid":{"rendered":"https:\/\/ergolift.com\/datenschutzbestimmungen\/"},"modified":"2025-01-30T15:12:03","modified_gmt":"2025-01-30T15:12:03","slug":"datenschutzbestimmungen","status":"publish","type":"page","link":"https:\/\/ergolift.com\/de\/datenschutzbestimmungen\/","title":{"rendered":"Datenschutzbestimmungen"},"content":{"rendered":"<style>.kb-row-layout-id3147_04c28a-ad > .kt-row-column-wrap{align-content:start;}:where(.kb-row-layout-id3147_04c28a-ad > .kt-row-column-wrap) > .wp-block-kadence-column{justify-content:start;}.kb-row-layout-id3147_04c28a-ad > .kt-row-column-wrap{column-gap:var(--global-kb-gap-md, 2rem);row-gap:var(--global-kb-gap-md, 2rem);padding-top:3%;padding-right:7%;padding-bottom:5%;padding-left:7%;grid-template-columns:minmax(0, 1fr);}.kb-row-layout-id3147_04c28a-ad > .kt-row-layout-overlay{opacity:0.30;}@media all and (max-width: 1024px){.kb-row-layout-id3147_04c28a-ad > .kt-row-column-wrap{grid-template-columns:minmax(0, 1fr);}}@media all and (max-width: 767px){.kb-row-layout-id3147_04c28a-ad > .kt-row-column-wrap{grid-template-columns:minmax(0, 1fr);}}<\/style><div class=\"kb-row-layout-wrap kb-row-layout-id3147_04c28a-ad alignwide wp-block-kadence-rowlayout\"><div class=\"kt-row-column-wrap kt-has-1-columns kt-row-layout-equal kt-tab-layout-inherit kt-mobile-layout-row kt-row-valign-top\">\n<style>.kadence-column3147_6ce119-dd > .kt-inside-inner-col,.kadence-column3147_6ce119-dd > .kt-inside-inner-col:before{border-top-left-radius:0px;border-top-right-radius:0px;border-bottom-right-radius:0px;border-bottom-left-radius:0px;}.kadence-column3147_6ce119-dd > .kt-inside-inner-col{column-gap:var(--global-kb-gap-sm, 1rem);}.kadence-column3147_6ce119-dd > .kt-inside-inner-col{flex-direction:column;}.kadence-column3147_6ce119-dd > .kt-inside-inner-col > .aligncenter{width:100%;}.kadence-column3147_6ce119-dd > .kt-inside-inner-col:before{opacity:0.3;}.kadence-column3147_6ce119-dd{position:relative;}@media all and (max-width: 1024px){.kadence-column3147_6ce119-dd > .kt-inside-inner-col{flex-direction:column;justify-content:center;}}@media all and (max-width: 767px){.kadence-column3147_6ce119-dd > .kt-inside-inner-col{flex-direction:column;justify-content:center;}}<\/style>\n<div class=\"wp-block-kadence-column kadence-column3147_6ce119-dd inner-column-1\"><div class=\"kt-inside-inner-col\">\n<div class=\"wp-block-getwid-advanced-heading has-custom-font-size\" style=\"font-size:55px\"><span class=\"wp-block-getwid-advanced-heading__content\"><strong>Datenschutzbestimmungen<\/strong><\/span><\/div>\n\n\n\n<p>Verantwortlich f\u00fcr die Verarbeitung der pers\u00f6nlichen Daten: Anders Byttner, <a href=\"mailto:anders@ergolift.com\">anders@ergolift.com<\/a><\/p>\n\n\n\n<p>Verantwortlicher f\u00fcr die Verarbeitung personenbezogener Daten: Rezeptionist, <a href=\"mailto:info@ergolift.com\">info@ergolift.com<\/a><\/p>\n\n\n\n<figure class=\"wp-block-table\"><table><tbody><tr><td><strong>Verwendung von Daten<\/strong><\/td><td><strong>Kategorien von Personen<\/strong><\/td><td><strong>Frist f\u00fcr die Entfernung<\/strong><\/td><td><strong>Wo sind die Daten gespeichert?<\/strong><\/td><td><strong>Sicherheitsma\u00dfnahmen<\/strong><\/td><\/tr><tr><td><strong>Gehaltsabrechnungssystem (Hogia)<\/strong><\/td><td>Mitarbeiter<\/td><td>Personen, die nicht mehr besch\u00e4ftigt sind, werden j\u00e4hrlich aus dem System gel\u00f6scht. Papierkopien der Gehaltsabrechnungen werden 7 Jahre lang aufbewahrt. <\/td><td>Das Gehaltsabrechnungssystem l\u00e4uft als gehostete L\u00f6sung bei Hogia Mid Office AB. Papierkopien werden in Ordnern aufbewahrt. <\/td><td>Nur befugte Mitarbeiter haben Zugang zum Gehaltsabrechnungssystem, das durch ein Passwort gesch\u00fctzt ist. Mit Hogia werden Datenverarbeitungsvertr\u00e4ge unterzeichnet. Papierkopien werden unter Verschluss gehalten.  <\/td><\/tr><tr><td><strong>Kundenregister (Pyramid)<\/strong> <strong>Wir speichern nur die Daten, die zur Erf\u00fcllung der Vertr\u00e4ge erforderlich sind.<\/strong><\/td><td>  Kontaktpersonen von Kunden (juristische Person) Kunden, die nat\u00fcrliche Personen sind<\/td><td>Das Kundenregister wird j\u00e4hrlich bereinigt, wenn der Kunde zwei Jahre lang nicht gehandelt hat. Kontaktpersonen werden aus dem Kundenregister entfernt Kunden, die nat\u00fcrliche Personen sind, werden de-identifiziert. Alle Buchhaltungsunterlagen werden 7 Jahre lang aufbewahrt.  <\/td><td>Pyramid l\u00e4uft als gehostete L\u00f6sung bei Netropolis. Papierkopien von Rechnungen werden in Ordnern aufbewahrt. <\/td><td>Login erforderlich, um Pyramid zu betreten. Es besteht ein Datenverarbeitungsvertrag mit Netropolis. Netropolis ist f\u00fcr die Datensicherheit rund um Pyramid verantwortlich.  <\/td><\/tr><tr><td><strong>Lieferantenregister (Pyramid)<\/strong> <strong>Wir speichern nur Daten, die f\u00fcr die Ausf\u00fchrung von Bestellungen erforderlich sind<\/strong><\/td><td>  Kontaktpersonen von Lieferanten (juristische Person) Lieferanten, die nat\u00fcrliche Personen sind<\/td><td>Das Lieferantenregister wird j\u00e4hrlich bereinigt, wenn wir zwei Jahre lang keinen Handel getrieben haben. Kontaktpersonen werden aus dem Lieferantenregister entfernt Lieferanten, die nat\u00fcrliche Personen sind, werden de-identifiziert. Alle Buchhaltungsunterlagen werden 7 Jahre lang aufbewahrt.  <\/td><td>Pyramid l\u00e4uft als gehostete L\u00f6sung bei Netropolis. Papierkopien von Rechnungen werden in Ordnern aufbewahrt. <\/td><td>Login erforderlich, um Pyramid zu betreten. Es besteht ein Datenverarbeitungsvertrag mit Netropolis. Netropolis ist f\u00fcr die Datensicherheit rund um Pyramid verantwortlich.  <\/td><\/tr><tr><td><strong>Angeh\u00f6rige von Mitarbeitern im Falle von Unf\u00e4llen und \u00e4hnlichen Vorf\u00e4llen<\/strong><\/td><td>Angeh\u00f6rige von Mitarbeitern<\/td><td>Beendigung des Arbeitsverh\u00e4ltnisses<\/td><td>Ordner an der Rezeption<\/td><td>Keine Sicherheitsma\u00dfnahmen, Informationen m\u00fcssen im Krisenfall verf\u00fcgbar sein<\/td><\/tr><tr><td><strong>Aufgaben f\u00fcr die Gesundheit am Arbeitsplatz<\/strong><\/td><td>Mitarbeiter<\/td><td>Beendigung des Arbeitsverh\u00e4ltnisses oder K\u00fcndigung des Vertrags<\/td><td>In einem internen System bei Avonova. Nur Avonova-Mitarbeiter k\u00f6nnen auf diese Informationen zugreifen. <\/td><td>Es besteht ein Datenverarbeitungsabkommen mit Avonova. Avonova ist f\u00fcr die Datensicherheit verantwortlich. <\/td><\/tr><tr><td><strong>Kontaktinformationen auf der Website<\/strong><\/td><td>Einige Mitarbeiter<\/td><td>Keine Kontaktinformationen von namentlich genannten Personen auf unseren Websites<\/td><\/tr><\/tbody><\/table><\/figure>\n<\/div><\/div>\n\n<\/div><\/div>","protected":false},"excerpt":{"rendered":"<p>Verantwortlich f\u00fcr die Verarbeitung der pers\u00f6nlichen Daten: Anders Byttner, anders@ergolift.com Verantwortlicher f\u00fcr die Verarbeitung personenbezogener Daten: Rezeptionist, info@ergolift.com Verwendung von Daten Kategorien von Personen Frist f\u00fcr die Entfernung Wo sind die Daten gespeichert? Sicherheitsma\u00dfnahmen Gehaltsabrechnungssystem (Hogia) Mitarbeiter Personen, die nicht mehr besch\u00e4ftigt sind, werden j\u00e4hrlich aus dem System gel\u00f6scht. Papierkopien der Gehaltsabrechnungen werden 7 Jahre&#8230;<\/p>\n","protected":false},"author":1,"featured_media":0,"parent":0,"menu_order":0,"comment_status":"closed","ping_status":"closed","template":"","meta":{"_kad_post_transparent":"","_kad_post_title":"","_kad_post_layout":"","_kad_post_sidebar_id":"","_kad_post_content_style":"","_kad_post_vertical_padding":"","_kad_post_feature":"","_kad_post_feature_position":"","_kad_post_header":false,"_kad_post_footer":false,"_kad_post_classname":"","footnotes":""},"class_list":["post-3147","page","type-page","status-publish","hentry"],"_links":{"self":[{"href":"https:\/\/ergolift.com\/de\/wp-json\/wp\/v2\/pages\/3147","targetHints":{"allow":["GET"]}}],"collection":[{"href":"https:\/\/ergolift.com\/de\/wp-json\/wp\/v2\/pages"}],"about":[{"href":"https:\/\/ergolift.com\/de\/wp-json\/wp\/v2\/types\/page"}],"author":[{"embeddable":true,"href":"https:\/\/ergolift.com\/de\/wp-json\/wp\/v2\/users\/1"}],"replies":[{"embeddable":true,"href":"https:\/\/ergolift.com\/de\/wp-json\/wp\/v2\/comments?post=3147"}],"version-history":[{"count":1,"href":"https:\/\/ergolift.com\/de\/wp-json\/wp\/v2\/pages\/3147\/revisions"}],"predecessor-version":[{"id":3558,"href":"https:\/\/ergolift.com\/de\/wp-json\/wp\/v2\/pages\/3147\/revisions\/3558"}],"wp:attachment":[{"href":"https:\/\/ergolift.com\/de\/wp-json\/wp\/v2\/media?parent=3147"}],"curies":[{"name":"wp","href":"https:\/\/api.w.org\/{rel}","templated":true}]}}