{"id":3141,"date":"2021-11-04T15:14:46","date_gmt":"2021-11-04T15:14:46","guid":{"rendered":"https:\/\/ergolift.com\/qualitatspolitik\/"},"modified":"2025-04-02T12:31:22","modified_gmt":"2025-04-02T12:31:22","slug":"qualitatspolitik","status":"publish","type":"page","link":"https:\/\/ergolift.com\/de\/qualitatspolitik\/","title":{"rendered":"Qualit\u00e4tspolitik"},"content":{"rendered":"<style>.kb-row-layout-id3141_e87b62-6a > .kt-row-column-wrap{align-content:start;}:where(.kb-row-layout-id3141_e87b62-6a > .kt-row-column-wrap) > .wp-block-kadence-column{justify-content:start;}.kb-row-layout-id3141_e87b62-6a > .kt-row-column-wrap{column-gap:var(--global-kb-gap-md, 2rem);row-gap:var(--global-kb-gap-md, 2rem);padding-top:3%;padding-right:8%;padding-bottom:8%;padding-left:8%;grid-template-columns:minmax(0, 1fr);}.kb-row-layout-id3141_e87b62-6a > .kt-row-layout-overlay{opacity:0.30;}@media all and (max-width: 1024px){.kb-row-layout-id3141_e87b62-6a > .kt-row-column-wrap{grid-template-columns:minmax(0, 1fr);}}@media all and (max-width: 767px){.kb-row-layout-id3141_e87b62-6a > .kt-row-column-wrap{grid-template-columns:minmax(0, 1fr);}}<\/style><div class=\"kb-row-layout-wrap kb-row-layout-id3141_e87b62-6a alignnone wp-block-kadence-rowlayout\"><div class=\"kt-row-column-wrap kt-has-1-columns kt-row-layout-equal kt-tab-layout-inherit kt-mobile-layout-row kt-row-valign-top\">\n<style>.kadence-column3141_b98da0-44 > .kt-inside-inner-col,.kadence-column3141_b98da0-44 > .kt-inside-inner-col:before{border-top-left-radius:0px;border-top-right-radius:0px;border-bottom-right-radius:0px;border-bottom-left-radius:0px;}.kadence-column3141_b98da0-44 > .kt-inside-inner-col{column-gap:var(--global-kb-gap-sm, 1rem);}.kadence-column3141_b98da0-44 > .kt-inside-inner-col{flex-direction:column;}.kadence-column3141_b98da0-44 > .kt-inside-inner-col > .aligncenter{width:100%;}.kadence-column3141_b98da0-44 > .kt-inside-inner-col:before{opacity:0.3;}.kadence-column3141_b98da0-44{position:relative;}@media all and (max-width: 1024px){.kadence-column3141_b98da0-44 > .kt-inside-inner-col{flex-direction:column;justify-content:center;}}@media all and (max-width: 767px){.kadence-column3141_b98da0-44 > .kt-inside-inner-col{flex-direction:column;justify-content:center;}}<\/style>\n<div class=\"wp-block-kadence-column kadence-column3141_b98da0-44 inner-column-1\"><div class=\"kt-inside-inner-col\">\n<div class=\"wp-block-getwid-advanced-heading has-custom-font-size\" style=\"font-size:55px\"><span class=\"wp-block-getwid-advanced-heading__content\"><strong>Qualit\u00e4tspolitik<\/strong><\/span><\/div>\n\n\n\n<p>Unser Ingenieurb\u00fcro entwickelt, vermarktet und fertigt komplette Maschinen, Spezialwerkzeuge, Pumpen und Vertragsdienstleistungen. Wir bieten auch Wartungs- und Schulungsdienste f\u00fcr unsere Produkte an. <\/p>\n\n\n\n<p>Wir m\u00f6chten, dass unsere Kunden zufrieden sind und mit neuem Vertrauen zur\u00fcckkehren. Wir werden die geltenden Anforderungen erf\u00fcllen, einschlie\u00dflich der geltenden Gesetze und Vorschriften. <\/p>\n\n\n\n<p>Dies ist eine Voraussetzung f\u00fcr eine gute Rentabilit\u00e4t, unsere Entwicklung und unser langfristiges \u00dcberleben, das durch das Engagement bestimmt wird, das wir bei unserer Arbeit, durch unsere Ressourcen und durch unsere Einstellung zur Qualit\u00e4t zeigen.<\/p>\n\n\n\n<p>Die Qualit\u00e4tssicherung gem\u00e4\u00df SS-EN-ISO 9001:2015 ist unser Instrument, um die Qualit\u00e4t unserer Produkte und Dienstleistungen, zugesagte Lieferzeiten und andere Anforderungen zu gew\u00e4hrleisten.<\/p>\n\n\n\n<p>Wir werden sowohl die Qualit\u00e4t als auch das Qualit\u00e4tsmanagementsystem kontinuierlich verbessern.<\/p>\n\n\n\n<p>Ergolift AB m\u00f6chte, dass Sie als Kunde das Unternehmen als kompetent und bereit, sich f\u00fcr Sie einzusetzen, wahrnehmen.<\/p>\n\n\n\n<p>Dipl. Ing. Anders Byttner<\/p>\n\n\n\n<p>Gesch\u00e4ftsf\u00fchrer, Ergolift AB<\/p>\n\n\n\n<p><\/p>\n\n\n<style>.wp-block-kadence-advancedheading.kt-adv-heading3141_7d8f87-63, .wp-block-kadence-advancedheading.kt-adv-heading3141_7d8f87-63[data-kb-block=\"kb-adv-heading3141_7d8f87-63\"]{text-align:center;font-style:normal;}.wp-block-kadence-advancedheading.kt-adv-heading3141_7d8f87-63 mark.kt-highlight, .wp-block-kadence-advancedheading.kt-adv-heading3141_7d8f87-63[data-kb-block=\"kb-adv-heading3141_7d8f87-63\"] mark.kt-highlight{font-style:normal;color:#f76a0c;-webkit-box-decoration-break:clone;box-decoration-break:clone;padding-top:0px;padding-right:0px;padding-bottom:0px;padding-left:0px;}.wp-block-kadence-advancedheading.kt-adv-heading3141_7d8f87-63 img.kb-inline-image, .wp-block-kadence-advancedheading.kt-adv-heading3141_7d8f87-63[data-kb-block=\"kb-adv-heading3141_7d8f87-63\"] img.kb-inline-image{width:150px;vertical-align:baseline;}<\/style>\n<h3 class=\"kt-adv-heading3141_7d8f87-63 wp-block-kadence-advancedheading\" data-kb-block=\"kb-adv-heading3141_7d8f87-63\"><a href=\"https:\/\/ergolift.com\/wp-content\/uploads\/2025\/03\/Ergolift-AB-ISO-9001.pdf\"><strong>ERGOLIFT AB Qualit\u00e4tszertifikat SS-EN-ISO 9001:2015<\/strong><\/a><\/h3>\n<\/div><\/div>\n\n<\/div><\/div>","protected":false},"excerpt":{"rendered":"<p>Unser Ingenieurb\u00fcro entwickelt, vermarktet und fertigt komplette Maschinen, Spezialwerkzeuge, Pumpen und Vertragsdienstleistungen. Wir bieten auch Wartungs- und Schulungsdienste f\u00fcr unsere Produkte an. Wir m\u00f6chten, dass unsere Kunden zufrieden sind und mit neuem Vertrauen zur\u00fcckkehren. Wir werden die geltenden Anforderungen erf\u00fcllen, einschlie\u00dflich der geltenden Gesetze und Vorschriften. Dies ist eine Voraussetzung f\u00fcr eine gute Rentabilit\u00e4t, unsere&#8230;<\/p>\n","protected":false},"author":1,"featured_media":0,"parent":0,"menu_order":0,"comment_status":"closed","ping_status":"closed","template":"","meta":{"_kad_post_transparent":"","_kad_post_title":"","_kad_post_layout":"","_kad_post_sidebar_id":"","_kad_post_content_style":"","_kad_post_vertical_padding":"","_kad_post_feature":"","_kad_post_feature_position":"","_kad_post_header":false,"_kad_post_footer":false,"_kad_post_classname":"","footnotes":""},"class_list":["post-3141","page","type-page","status-publish","hentry"],"_links":{"self":[{"href":"https:\/\/ergolift.com\/de\/wp-json\/wp\/v2\/pages\/3141","targetHints":{"allow":["GET"]}}],"collection":[{"href":"https:\/\/ergolift.com\/de\/wp-json\/wp\/v2\/pages"}],"about":[{"href":"https:\/\/ergolift.com\/de\/wp-json\/wp\/v2\/types\/page"}],"author":[{"embeddable":true,"href":"https:\/\/ergolift.com\/de\/wp-json\/wp\/v2\/users\/1"}],"replies":[{"embeddable":true,"href":"https:\/\/ergolift.com\/de\/wp-json\/wp\/v2\/comments?post=3141"}],"version-history":[{"count":2,"href":"https:\/\/ergolift.com\/de\/wp-json\/wp\/v2\/pages\/3141\/revisions"}],"predecessor-version":[{"id":3662,"href":"https:\/\/ergolift.com\/de\/wp-json\/wp\/v2\/pages\/3141\/revisions\/3662"}],"wp:attachment":[{"href":"https:\/\/ergolift.com\/de\/wp-json\/wp\/v2\/media?parent=3141"}],"curies":[{"name":"wp","href":"https:\/\/api.w.org\/{rel}","templated":true}]}}